{"id":1473,"date":"2021-10-22T11:25:35","date_gmt":"2021-10-22T11:25:35","guid":{"rendered":"http:\/\/kooperacjatemp.szczecin.eu\/potrzeby-bisnesu\/"},"modified":"2021-11-08T15:00:16","modified_gmt":"2021-11-08T15:00:16","slug":"potrebnosti-biznesa","status":"publish","type":"page","link":"https:\/\/kooperacja.szczecin.eu\/ru\/potrebnosti-biznesa\/","title":{"rendered":"\u041f\u043e\u0442\u0440\u0435\u0431\u043d\u043e\u0441\u0442\u0438 \u0431\u0438\u0437\u043d\u0435\u0441\u0430"},"content":{"rendered":"","protected":false},"excerpt":{"rendered":"","protected":false},"author":1,"featured_media":0,"parent":0,"menu_order":12,"comment_status":"closed","ping_status":"closed","template":"","meta":{"inline_featured_image":false,"_monsterinsights_skip_tracking":false,"_monsterinsights_sitenote_active":false,"_monsterinsights_sitenote_note":"","_monsterinsights_sitenote_category":0},"yoast_head":"<!-- This site is optimized with the Yoast SEO plugin v20.3 - https:\/\/yoast.com\/wordpress\/plugins\/seo\/ -->\n<title>\u041f\u043e\u0442\u0440\u0435\u0431\u043d\u043e\u0441\u0442\u0438 \u0431\u0438\u0437\u043d\u0435\u0441\u0430 - Kooperacja Szczecin<\/title>\n<meta name=\"description\" content=\"Tworzymy Kooperacj\u0119, bo \u0141\u0105czy nas Szczecin!\" \/>\n<meta name=\"robots\" content=\"index, follow, max-snippet:-1, max-image-preview:large, max-video-preview:-1\" \/>\n<link rel=\"canonical\" href=\"https:\/\/kooperacja.szczecin.eu\/ru\/potrebnosti-biznesa\/\" \/>\n<meta property=\"og:locale\" content=\"ru_RU\" \/>\n<meta property=\"og:type\" content=\"article\" \/>\n<meta property=\"og:title\" content=\"\u041f\u043e\u0442\u0440\u0435\u0431\u043d\u043e\u0441\u0442\u0438 \u0431\u0438\u0437\u043d\u0435\u0441\u0430 - Kooperacja Szczecin\" \/>\n<meta property=\"og:description\" content=\"Tworzymy Kooperacj\u0119, bo \u0141\u0105czy nas Szczecin!\" \/>\n<meta property=\"og:url\" content=\"https:\/\/kooperacja.szczecin.eu\/ru\/potrebnosti-biznesa\/\" \/>\n<meta property=\"og:site_name\" content=\"Kooperacja Szczecin\" \/>\n<meta property=\"article:modified_time\" content=\"2021-11-08T15:00:16+00:00\" \/>\n<meta name=\"twitter:card\" content=\"summary_large_image\" \/>\n<script type=\"application\/ld+json\" class=\"yoast-schema-graph\">{\"@context\":\"https:\/\/schema.org\",\"@graph\":[{\"@type\":\"WebPage\",\"@id\":\"https:\/\/kooperacja.szczecin.eu\/ru\/potrebnosti-biznesa\/\",\"url\":\"https:\/\/kooperacja.szczecin.eu\/ru\/potrebnosti-biznesa\/\",\"name\":\"\u041f\u043e\u0442\u0440\u0435\u0431\u043d\u043e\u0441\u0442\u0438 \u0431\u0438\u0437\u043d\u0435\u0441\u0430 - Kooperacja Szczecin\",\"isPartOf\":{\"@id\":\"https:\/\/kooperacja.szczecin.eu\/ru\/#website\"},\"datePublished\":\"2021-10-22T11:25:35+00:00\",\"dateModified\":\"2021-11-08T15:00:16+00:00\",\"description\":\"Tworzymy Kooperacj\u0119, bo \u0141\u0105czy nas Szczecin!\",\"breadcrumb\":{\"@id\":\"https:\/\/kooperacja.szczecin.eu\/ru\/potrebnosti-biznesa\/#breadcrumb\"},\"inLanguage\":\"ru-RU\",\"potentialAction\":[{\"@type\":\"ReadAction\",\"target\":[\"https:\/\/kooperacja.szczecin.eu\/ru\/potrebnosti-biznesa\/\"]}]},{\"@type\":\"BreadcrumbList\",\"@id\":\"https:\/\/kooperacja.szczecin.eu\/ru\/potrebnosti-biznesa\/#breadcrumb\",\"itemListElement\":[{\"@type\":\"ListItem\",\"position\":1,\"name\":\"Strona g\u0142\u00f3wna\",\"item\":\"https:\/\/kooperacja.szczecin.eu\/ru\/\"},{\"@type\":\"ListItem\",\"position\":2,\"name\":\"\u041f\u043e\u0442\u0440\u0435\u0431\u043d\u043e\u0441\u0442\u0438 \u0431\u0438\u0437\u043d\u0435\u0441\u0430\"}]},{\"@type\":\"WebSite\",\"@id\":\"https:\/\/kooperacja.szczecin.eu\/ru\/#website\",\"url\":\"https:\/\/kooperacja.szczecin.eu\/ru\/\",\"name\":\"Kooperacja Szczecin\",\"description\":\"serwis kooperacyjny\",\"potentialAction\":[{\"@type\":\"SearchAction\",\"target\":{\"@type\":\"EntryPoint\",\"urlTemplate\":\"https:\/\/kooperacja.szczecin.eu\/ru\/?s={search_term_string}\"},\"query-input\":\"required name=search_term_string\"}],\"inLanguage\":\"ru-RU\"}]}<\/script>\n<!-- \/ Yoast SEO plugin. -->","yoast_head_json":{"title":"\u041f\u043e\u0442\u0440\u0435\u0431\u043d\u043e\u0441\u0442\u0438 \u0431\u0438\u0437\u043d\u0435\u0441\u0430 - Kooperacja Szczecin","description":"Tworzymy Kooperacj\u0119, bo \u0141\u0105czy nas Szczecin!","robots":{"index":"index","follow":"follow","max-snippet":"max-snippet:-1","max-image-preview":"max-image-preview:large","max-video-preview":"max-video-preview:-1"},"canonical":"https:\/\/kooperacja.szczecin.eu\/ru\/potrebnosti-biznesa\/","og_locale":"ru_RU","og_type":"article","og_title":"\u041f\u043e\u0442\u0440\u0435\u0431\u043d\u043e\u0441\u0442\u0438 \u0431\u0438\u0437\u043d\u0435\u0441\u0430 - Kooperacja Szczecin","og_description":"Tworzymy Kooperacj\u0119, bo \u0141\u0105czy nas Szczecin!","og_url":"https:\/\/kooperacja.szczecin.eu\/ru\/potrebnosti-biznesa\/","og_site_name":"Kooperacja Szczecin","article_modified_time":"2021-11-08T15:00:16+00:00","twitter_card":"summary_large_image","schema":{"@context":"https:\/\/schema.org","@graph":[{"@type":"WebPage","@id":"https:\/\/kooperacja.szczecin.eu\/ru\/potrebnosti-biznesa\/","url":"https:\/\/kooperacja.szczecin.eu\/ru\/potrebnosti-biznesa\/","name":"\u041f\u043e\u0442\u0440\u0435\u0431\u043d\u043e\u0441\u0442\u0438 \u0431\u0438\u0437\u043d\u0435\u0441\u0430 - Kooperacja Szczecin","isPartOf":{"@id":"https:\/\/kooperacja.szczecin.eu\/ru\/#website"},"datePublished":"2021-10-22T11:25:35+00:00","dateModified":"2021-11-08T15:00:16+00:00","description":"Tworzymy Kooperacj\u0119, bo \u0141\u0105czy nas Szczecin!","breadcrumb":{"@id":"https:\/\/kooperacja.szczecin.eu\/ru\/potrebnosti-biznesa\/#breadcrumb"},"inLanguage":"ru-RU","potentialAction":[{"@type":"ReadAction","target":["https:\/\/kooperacja.szczecin.eu\/ru\/potrebnosti-biznesa\/"]}]},{"@type":"BreadcrumbList","@id":"https:\/\/kooperacja.szczecin.eu\/ru\/potrebnosti-biznesa\/#breadcrumb","itemListElement":[{"@type":"ListItem","position":1,"name":"Strona g\u0142\u00f3wna","item":"https:\/\/kooperacja.szczecin.eu\/ru\/"},{"@type":"ListItem","position":2,"name":"\u041f\u043e\u0442\u0440\u0435\u0431\u043d\u043e\u0441\u0442\u0438 \u0431\u0438\u0437\u043d\u0435\u0441\u0430"}]},{"@type":"WebSite","@id":"https:\/\/kooperacja.szczecin.eu\/ru\/#website","url":"https:\/\/kooperacja.szczecin.eu\/ru\/","name":"Kooperacja Szczecin","description":"serwis kooperacyjny","potentialAction":[{"@type":"SearchAction","target":{"@type":"EntryPoint","urlTemplate":"https:\/\/kooperacja.szczecin.eu\/ru\/?s={search_term_string}"},"query-input":"required name=search_term_string"}],"inLanguage":"ru-RU"}]}},"_links":{"self":[{"href":"https:\/\/kooperacja.szczecin.eu\/ru\/wp-json\/wp\/v2\/pages\/1473"}],"collection":[{"href":"https:\/\/kooperacja.szczecin.eu\/ru\/wp-json\/wp\/v2\/pages"}],"about":[{"href":"https:\/\/kooperacja.szczecin.eu\/ru\/wp-json\/wp\/v2\/types\/page"}],"author":[{"embeddable":true,"href":"https:\/\/kooperacja.szczecin.eu\/ru\/wp-json\/wp\/v2\/users\/1"}],"replies":[{"embeddable":true,"href":"https:\/\/kooperacja.szczecin.eu\/ru\/wp-json\/wp\/v2\/comments?post=1473"}],"version-history":[{"count":3,"href":"https:\/\/kooperacja.szczecin.eu\/ru\/wp-json\/wp\/v2\/pages\/1473\/revisions"}],"predecessor-version":[{"id":1480,"href":"https:\/\/kooperacja.szczecin.eu\/ru\/wp-json\/wp\/v2\/pages\/1473\/revisions\/1480"}],"wp:attachment":[{"href":"https:\/\/kooperacja.szczecin.eu\/ru\/wp-json\/wp\/v2\/media?parent=1473"}],"curies":[{"name":"wp","href":"https:\/\/api.w.org\/{rel}","templated":true}]}}