{"id":1481,"date":"2021-08-18T15:26:36","date_gmt":"2021-08-18T15:26:36","guid":{"rendered":"http:\/\/kooperacjatemp.szczecin.eu\/strona-glowna\/"},"modified":"2021-11-10T09:24:38","modified_gmt":"2021-11-10T09:24:38","slug":"strona-glowna","status":"publish","type":"page","link":"https:\/\/kooperacja.szczecin.eu\/uk\/","title":{"rendered":"Strona g\u0142\u00f3wna"},"content":{"rendered":"","protected":false},"excerpt":{"rendered":"","protected":false},"author":1,"featured_media":727,"parent":0,"menu_order":20,"comment_status":"closed","ping_status":"closed","template":"","meta":{"inline_featured_image":false,"_monsterinsights_skip_tracking":false,"_monsterinsights_sitenote_active":false,"_monsterinsights_sitenote_note":"","_monsterinsights_sitenote_category":0},"yoast_head":"<!-- This site is optimized with the Yoast SEO plugin v20.3 - https:\/\/yoast.com\/wordpress\/plugins\/seo\/ -->\n<title>Strona g\u0142\u00f3wna - Kooperacja Szczecin<\/title>\n<meta name=\"description\" content=\"Tworzymy Kooperacj\u0119, bo \u0141\u0105czy nas Szczecin!\" \/>\n<meta name=\"robots\" content=\"index, follow, max-snippet:-1, max-image-preview:large, max-video-preview:-1\" \/>\n<link rel=\"canonical\" href=\"https:\/\/kooperacja.szczecin.eu\/uk\/\" \/>\n<meta property=\"og:locale\" content=\"uk_UA\" \/>\n<meta property=\"og:type\" content=\"article\" \/>\n<meta property=\"og:title\" content=\"Strona g\u0142\u00f3wna - Kooperacja Szczecin\" \/>\n<meta property=\"og:description\" content=\"Tworzymy Kooperacj\u0119, bo \u0141\u0105czy nas Szczecin!\" \/>\n<meta property=\"og:url\" content=\"https:\/\/kooperacja.szczecin.eu\/uk\/\" \/>\n<meta property=\"og:site_name\" content=\"Kooperacja Szczecin\" \/>\n<meta property=\"article:modified_time\" content=\"2021-11-10T09:24:38+00:00\" \/>\n<meta name=\"twitter:card\" content=\"summary_large_image\" \/>\n<meta name=\"twitter:image\" content=\"https:\/\/kooperacja.szczecin.eu\/wp-content\/uploads\/2021\/10\/tlo-glowna.svg\" \/>\n<script type=\"application\/ld+json\" class=\"yoast-schema-graph\">{\"@context\":\"https:\/\/schema.org\",\"@graph\":[{\"@type\":\"WebPage\",\"@id\":\"https:\/\/kooperacja.szczecin.eu\/uk\/\",\"url\":\"https:\/\/kooperacja.szczecin.eu\/uk\/\",\"name\":\"Strona g\u0142\u00f3wna - Kooperacja Szczecin\",\"isPartOf\":{\"@id\":\"https:\/\/kooperacja.szczecin.eu\/uk\/#website\"},\"datePublished\":\"2021-08-18T15:26:36+00:00\",\"dateModified\":\"2021-11-10T09:24:38+00:00\",\"description\":\"Tworzymy Kooperacj\u0119, bo \u0141\u0105czy nas Szczecin!\",\"breadcrumb\":{\"@id\":\"https:\/\/kooperacja.szczecin.eu\/uk\/#breadcrumb\"},\"inLanguage\":\"uk\",\"potentialAction\":[{\"@type\":\"ReadAction\",\"target\":[\"https:\/\/kooperacja.szczecin.eu\/uk\/\"]}]},{\"@type\":\"BreadcrumbList\",\"@id\":\"https:\/\/kooperacja.szczecin.eu\/uk\/#breadcrumb\",\"itemListElement\":[{\"@type\":\"ListItem\",\"position\":1,\"name\":\"Strona g\u0142\u00f3wna\",\"item\":\"https:\/\/kooperacja.szczecin.eu\/uk\/\"},{\"@type\":\"ListItem\",\"position\":2,\"name\":\"Strona g\u0142\u00f3wna\"}]},{\"@type\":\"WebSite\",\"@id\":\"https:\/\/kooperacja.szczecin.eu\/uk\/#website\",\"url\":\"https:\/\/kooperacja.szczecin.eu\/uk\/\",\"name\":\"Kooperacja Szczecin\",\"description\":\"serwis kooperacyjny\",\"potentialAction\":[{\"@type\":\"SearchAction\",\"target\":{\"@type\":\"EntryPoint\",\"urlTemplate\":\"https:\/\/kooperacja.szczecin.eu\/uk\/?s={search_term_string}\"},\"query-input\":\"required name=search_term_string\"}],\"inLanguage\":\"uk\"}]}<\/script>\n<!-- \/ Yoast SEO plugin. -->","yoast_head_json":{"title":"Strona g\u0142\u00f3wna - Kooperacja Szczecin","description":"Tworzymy Kooperacj\u0119, bo \u0141\u0105czy nas Szczecin!","robots":{"index":"index","follow":"follow","max-snippet":"max-snippet:-1","max-image-preview":"max-image-preview:large","max-video-preview":"max-video-preview:-1"},"canonical":"https:\/\/kooperacja.szczecin.eu\/uk\/","og_locale":"uk_UA","og_type":"article","og_title":"Strona g\u0142\u00f3wna - Kooperacja Szczecin","og_description":"Tworzymy Kooperacj\u0119, bo \u0141\u0105czy nas Szczecin!","og_url":"https:\/\/kooperacja.szczecin.eu\/uk\/","og_site_name":"Kooperacja Szczecin","article_modified_time":"2021-11-10T09:24:38+00:00","twitter_card":"summary_large_image","twitter_image":"https:\/\/kooperacja.szczecin.eu\/wp-content\/uploads\/2021\/10\/tlo-glowna.svg","schema":{"@context":"https:\/\/schema.org","@graph":[{"@type":"WebPage","@id":"https:\/\/kooperacja.szczecin.eu\/uk\/","url":"https:\/\/kooperacja.szczecin.eu\/uk\/","name":"Strona g\u0142\u00f3wna - Kooperacja Szczecin","isPartOf":{"@id":"https:\/\/kooperacja.szczecin.eu\/uk\/#website"},"datePublished":"2021-08-18T15:26:36+00:00","dateModified":"2021-11-10T09:24:38+00:00","description":"Tworzymy Kooperacj\u0119, bo \u0141\u0105czy nas Szczecin!","breadcrumb":{"@id":"https:\/\/kooperacja.szczecin.eu\/uk\/#breadcrumb"},"inLanguage":"uk","potentialAction":[{"@type":"ReadAction","target":["https:\/\/kooperacja.szczecin.eu\/uk\/"]}]},{"@type":"BreadcrumbList","@id":"https:\/\/kooperacja.szczecin.eu\/uk\/#breadcrumb","itemListElement":[{"@type":"ListItem","position":1,"name":"Strona g\u0142\u00f3wna","item":"https:\/\/kooperacja.szczecin.eu\/uk\/"},{"@type":"ListItem","position":2,"name":"Strona g\u0142\u00f3wna"}]},{"@type":"WebSite","@id":"https:\/\/kooperacja.szczecin.eu\/uk\/#website","url":"https:\/\/kooperacja.szczecin.eu\/uk\/","name":"Kooperacja Szczecin","description":"serwis kooperacyjny","potentialAction":[{"@type":"SearchAction","target":{"@type":"EntryPoint","urlTemplate":"https:\/\/kooperacja.szczecin.eu\/uk\/?s={search_term_string}"},"query-input":"required name=search_term_string"}],"inLanguage":"uk"}]}},"_links":{"self":[{"href":"https:\/\/kooperacja.szczecin.eu\/uk\/wp-json\/wp\/v2\/pages\/1481"}],"collection":[{"href":"https:\/\/kooperacja.szczecin.eu\/uk\/wp-json\/wp\/v2\/pages"}],"about":[{"href":"https:\/\/kooperacja.szczecin.eu\/uk\/wp-json\/wp\/v2\/types\/page"}],"author":[{"embeddable":true,"href":"https:\/\/kooperacja.szczecin.eu\/uk\/wp-json\/wp\/v2\/users\/1"}],"replies":[{"embeddable":true,"href":"https:\/\/kooperacja.szczecin.eu\/uk\/wp-json\/wp\/v2\/comments?post=1481"}],"version-history":[{"count":7,"href":"https:\/\/kooperacja.szczecin.eu\/uk\/wp-json\/wp\/v2\/pages\/1481\/revisions"}],"predecessor-version":[{"id":1525,"href":"https:\/\/kooperacja.szczecin.eu\/uk\/wp-json\/wp\/v2\/pages\/1481\/revisions\/1525"}],"wp:featuredmedia":[{"embeddable":true,"href":"https:\/\/kooperacja.szczecin.eu\/uk\/wp-json\/wp\/v2\/media\/727"}],"wp:attachment":[{"href":"https:\/\/kooperacja.szczecin.eu\/uk\/wp-json\/wp\/v2\/media?parent=1481"}],"curies":[{"name":"wp","href":"https:\/\/api.w.org\/{rel}","templated":true}]}}